{"id":69,"date":"2021-10-27T14:30:35","date_gmt":"2021-10-27T12:30:35","guid":{"rendered":"https:\/\/websites.fraunhofer.de\/tester\/?page_id=69"},"modified":"2022-04-05T10:04:15","modified_gmt":"2022-04-05T08:04:15","slug":"kurzprofil","status":"publish","type":"page","link":"https:\/\/www.tester-projekt.de\/?page_id=69","title":{"rendered":"Kurzprofil"},"content":{"rendered":"\n<h4 class=\"has-black-color has-text-color has-medium-font-size wp-block-heading\"><strong>Projektkoordinaten<\/strong><\/h4>\n\n\n\n<p class=\"has-black-color has-text-color\"><strong>F\u00f6rderkennzeichen:<\/strong> KIS6AGSE022<\/p>\n\n\n\n<p class=\"has-black-color has-text-color\"><strong>BMBF-F\u00f6rderrichtlinie:<\/strong> \u00bbForschung Agil\u00ab<\/p>\n\n\n\n<p class=\"has-black-color has-text-color\"><strong>Dauer:<\/strong> 3 Jahre<\/p>\n\n\n\n<p class=\"has-black-color has-text-color\"><strong>Projektlaufzeit:<\/strong> 15. August 2021 bis 14. August 2024<\/p>\n\n\n\n<p class=\"has-black-color has-text-color\"><strong>Projektvolumen:<\/strong> 1,58 Mio. EUR<\/p>\n\n\n\n<p class=\"has-black-color has-text-color\"><strong>Projektkoordinator:<\/strong> Fraunhofer-Institut f\u00fcr Arbeitswirtschaft und Organisation IAO, Stuttgart<\/p>\n\n\n\n<p class=\"has-black-color has-text-color\"><strong>Projekttr\u00e4ger:<\/strong> VDI\/VDE<\/p>\n\n\n\n<hr class=\"wp-block-separator\"\/>\n\n\n\n<h4 class=\"has-black-color has-text-color has-medium-font-size wp-block-heading\"><strong>Projektpartner<\/strong><\/h4>\n\n\n\n<figure class=\"wp-block-image size-large\"><img loading=\"lazy\" decoding=\"async\" width=\"1024\" height=\"93\" src=\"https:\/\/www.tester-projekt.de\/wp-content\/uploads\/2022\/03\/allePartner-1024x93.png\" alt=\"\" class=\"wp-image-99\" srcset=\"https:\/\/www.tester-projekt.de\/wp-content\/uploads\/2022\/03\/allePartner-1024x93.png 1024w, https:\/\/www.tester-projekt.de\/wp-content\/uploads\/2022\/03\/allePartner-300x27.png 300w, https:\/\/www.tester-projekt.de\/wp-content\/uploads\/2022\/03\/allePartner-768x70.png 768w, https:\/\/www.tester-projekt.de\/wp-content\/uploads\/2022\/03\/allePartner.png 1200w\" sizes=\"auto, (max-width: 1024px) 100vw, 1024px\" \/><\/figure>\n\n\n\n<p class=\"has-black-color has-text-color has-medium-font-size\"><strong>F\u00f6rderung<\/strong><\/p>\n\n\n\n<p class=\"has-black-color has-text-color\">Das Forschungsvorhaben wird gef\u00f6rdert vom Bundesministerium f\u00fcr Bildung und Forschung (BMBF).<\/p>\n\n\n\n<p class=\"has-white-color has-text-color\"><\/p>\n\n\n\n<p class=\"has-white-color has-text-color\">.<\/p>\n\n\n\n<figure class=\"wp-block-image size-full is-resized\"><img loading=\"lazy\" decoding=\"async\" src=\"https:\/\/www.tester-projekt.de\/wp-content\/uploads\/2022\/04\/BMBF_gefoerdert-vom_deutsch.jpg\" alt=\"\" class=\"wp-image-114\" width=\"371\" height=\"263\" srcset=\"https:\/\/www.tester-projekt.de\/wp-content\/uploads\/2022\/04\/BMBF_gefoerdert-vom_deutsch.jpg 881w, https:\/\/www.tester-projekt.de\/wp-content\/uploads\/2022\/04\/BMBF_gefoerdert-vom_deutsch-300x213.jpg 300w, https:\/\/www.tester-projekt.de\/wp-content\/uploads\/2022\/04\/BMBF_gefoerdert-vom_deutsch-768x545.jpg 768w\" sizes=\"auto, (max-width: 371px) 100vw, 371px\" \/><\/figure>\n\n\n\n<p><\/p>\n","protected":false},"excerpt":{"rendered":"<p>Projektkoordinaten F\u00f6rderkennzeichen: KIS6AGSE022 BMBF-F\u00f6rderrichtlinie: \u00bbForschung Agil\u00ab Dauer: 3 Jahre Projektlaufzeit: 15. August 2021 bis 14. August 2024 Projektvolumen: 1,58 Mio. EUR Projektkoordinator: Fraunhofer-Institut f\u00fcr Arbeitswirtschaft und Organisation IAO, Stuttgart Projekttr\u00e4ger: VDI\/VDE Projektpartner F\u00f6rderung Das Forschungsvorhaben wird gef\u00f6rdert vom Bundesministerium f\u00fcr<\/p>\n","protected":false},"author":1,"featured_media":0,"parent":0,"menu_order":0,"comment_status":"closed","ping_status":"closed","template":"","meta":{"footnotes":""},"class_list":["post-69","page","type-page","status-publish","hentry"],"_links":{"self":[{"href":"https:\/\/www.tester-projekt.de\/index.php?rest_route=\/wp\/v2\/pages\/69","targetHints":{"allow":["GET"]}}],"collection":[{"href":"https:\/\/www.tester-projekt.de\/index.php?rest_route=\/wp\/v2\/pages"}],"about":[{"href":"https:\/\/www.tester-projekt.de\/index.php?rest_route=\/wp\/v2\/types\/page"}],"author":[{"embeddable":true,"href":"https:\/\/www.tester-projekt.de\/index.php?rest_route=\/wp\/v2\/users\/1"}],"replies":[{"embeddable":true,"href":"https:\/\/www.tester-projekt.de\/index.php?rest_route=%2Fwp%2Fv2%2Fcomments&post=69"}],"version-history":[{"count":13,"href":"https:\/\/www.tester-projekt.de\/index.php?rest_route=\/wp\/v2\/pages\/69\/revisions"}],"predecessor-version":[{"id":131,"href":"https:\/\/www.tester-projekt.de\/index.php?rest_route=\/wp\/v2\/pages\/69\/revisions\/131"}],"wp:attachment":[{"href":"https:\/\/www.tester-projekt.de\/index.php?rest_route=%2Fwp%2Fv2%2Fmedia&parent=69"}],"curies":[{"name":"wp","href":"https:\/\/api.w.org\/{rel}","templated":true}]}}