{"id":23,"date":"2021-10-11T15:05:26","date_gmt":"2021-10-11T13:05:26","guid":{"rendered":"https:\/\/websites.fraunhofer.de\/tester\/?page_id=23"},"modified":"2023-04-24T09:57:38","modified_gmt":"2023-04-24T07:57:38","slug":"impressum","status":"publish","type":"page","link":"https:\/\/www.tester-projekt.de\/?page_id=23","title":{"rendered":"Impressum"},"content":{"rendered":"\n<p class=\"has-black-color has-text-color\">Das <strong>Fraunhofer-Institut Arbeitswirtschaft und Organisation<\/strong><br>Nobelstra\u00dfe 12, 70569 Stuttgart<br>ist eine rechtlich nicht selbst\u00e4ndige Einrichtung der<br>Fraunhofer-Gesellschaft zur F\u00f6rderung der angewandten Forschung e.V.<br>Hansastra\u00dfe 27 c, 80686 M\u00fcnchen<br>Telefon: +49 89 1205- 0<br>Fax: +49 89 1205-7531<br>www.fraunhofer.de<\/p>\n\n\n\n<p class=\"has-black-color has-text-color\">Umsatzsteuer-Identifikationsnummer gem\u00e4\u00df \u00a7 27 a<br>Umsatzsteuergesetz: DE 129515865<\/p>\n\n\n\n<p class=\"has-black-color has-text-color\"><strong>Registergericht<\/strong><br>Amtsgericht M\u00fcnchen<br>Eingetragener Verein<br>Register-Nr. VR 4461<\/p>\n\n\n\n<p class=\"has-black-color has-text-color\"><strong>Verantwortlicher Redakteur:<\/strong><br>Uwe Laufs<br>uwe.laufs@iao.fraunhofer.de<\/p>\n\n\n\n<h4 class=\"wp-block-heading\"><strong>Vorstand<\/strong><\/h4>\n\n\n\n<p class=\"has-black-color has-text-color\">Prof. Dr.-Ing. Reimund Neugebauer, Pr\u00e4sident, Unternehmenspolitik, Technologiemarketing und Gesch\u00e4ftsmodelle<br>Prof. Dr. Alexander Kurz, Personal, Recht und Verwertung<br>Andreas Meuer, Finanzen, Controlling (inkl. Betriebswirtschaft, Einkauf, Liegenschaften) und IT<\/p>\n\n\n\n<h4 class=\"wp-block-heading\"><strong>Nutzungsrechte<\/strong><\/h4>\n\n\n\n<p class=\"has-black-color has-text-color\">Copyright Fraunhofer-Gesellschaft. Alle Rechte vorbehalten. Die Urheberrechte dieser Webseite liegen vollst\u00e4ndig bei der Fraunhofer-Gesellschaft.<\/p>\n\n\n\n<p class=\"has-black-color has-text-color\">Ein Download oder Ausdruck dieser Ver\u00f6ffentlichungen ist ausschlie\u00dflich f\u00fcr den pers\u00f6nlichen Gebrauch gestattet. Alle dar\u00fcber hinaus gehenden Verwendungen, insbesondere die kommerzielle Nutzung und Verbreitung, sind grunds\u00e4tzlich nicht gestattet und bed\u00fcrfen der schriftlichen Genehmigung. Anfragen richten Sie bitte an folgende Adresse:<\/p>\n\n\n\n<p class=\"has-black-color has-text-color\">Fraunhofer-Institut f\u00fcr Arbeitswirtschaft und Organisation<br>Nobelstra\u00dfe 12, 70569 Stuttgart<\/p>\n\n\n\n<p class=\"has-black-color has-text-color\">Ein Download oder Ausdruck ist dar\u00fcber hinaus lediglich zum Zweck der Berichterstattung \u00fcber die Fraunhofer-Gesellschaft und ihrer Institute nach Ma\u00dfgabe untenstehender Nutzungsbedingungen gestattet:<\/p>\n\n\n\n<p class=\"has-black-color has-text-color\">Grafische Ver\u00e4nderungen an Bildmotiven \u2013 au\u00dfer zum Freistellen des Hauptmotivs \u2013 sind nicht gestattet. Es ist stets die Quellenangabe und \u00dcbersendung von zwei kostenlosen Belegexemplaren an die oben genannte Adresse erforderlich. Die Verwendung ist honorarfrei.<\/p>\n\n\n\n<h4 class=\"wp-block-heading\"><strong>Haftungshinweis<\/strong><\/h4>\n\n\n\n<p class=\"has-black-color has-text-color\">Wir \u00fcbernehmen keine Haftung f\u00fcr die Inhalte externer Links. F\u00fcr den Inhalt der verlinkten Seiten sind ausschlie\u00dflich deren Betreiber verantwortlich.<\/p>\n\n\n\n<p class=\"has-black-color has-text-color\">Wir sind bem\u00fcht, das Webangebot stets aktuell und inhaltlich richtig sowie vollst\u00e4ndig anzubieten. Dennoch ist das Auftreten von Fehlern nicht v\u00f6llig auszuschlie\u00dfen. Das Fraunhofer-Institut bzw. die Fraunhofer-Gesellschaft \u00fcbernimmt keine Haftung f\u00fcr die Aktualit\u00e4t, die inhaltliche Richtigkeit sowie f\u00fcr die Vollst\u00e4ndigkeit der in ihrem Webangebot eingestellten Informationen. Dies bezieht sich auf eventuelle Sch\u00e4den materieller oder ideeller Art Dritter, die durch die Nutzung dieses Webangebotes verursacht wurden.<\/p>\n\n\n\n<p class=\"has-black-color has-text-color\">Gesch\u00fctzte Marken und Namen, Bilder und Texte werden auf unseren Seiten in der Regel nicht als solche kenntlich gemacht. Das Fehlen einer solchen Kennzeichnung bedeutet jedoch nicht, dass es sich um einen freien Namen, ein freies Bild oder einen freien Text im Sinne des Markenzeichenrechts handelt.<\/p>\n\n\n\n<h4 class=\"wp-block-heading\">\u00a9 Fraunhofer IAO<\/h4>\n","protected":false},"excerpt":{"rendered":"<p>Das Fraunhofer-Institut Arbeitswirtschaft und OrganisationNobelstra\u00dfe 12, 70569 Stuttgartist eine rechtlich nicht selbst\u00e4ndige Einrichtung derFraunhofer-Gesellschaft zur F\u00f6rderung der angewandten Forschung e.V.Hansastra\u00dfe 27 c, 80686 M\u00fcnchenTelefon: +49 89 1205- 0Fax: +49 89 1205-7531www.fraunhofer.de Umsatzsteuer-Identifikationsnummer gem\u00e4\u00df \u00a7 27 aUmsatzsteuergesetz: DE 129515865 RegistergerichtAmtsgericht M\u00fcnchenEingetragener<\/p>\n","protected":false},"author":1,"featured_media":0,"parent":0,"menu_order":0,"comment_status":"closed","ping_status":"closed","template":"","meta":{"footnotes":""},"class_list":["post-23","page","type-page","status-publish","hentry"],"_links":{"self":[{"href":"https:\/\/www.tester-projekt.de\/index.php?rest_route=\/wp\/v2\/pages\/23","targetHints":{"allow":["GET"]}}],"collection":[{"href":"https:\/\/www.tester-projekt.de\/index.php?rest_route=\/wp\/v2\/pages"}],"about":[{"href":"https:\/\/www.tester-projekt.de\/index.php?rest_route=\/wp\/v2\/types\/page"}],"author":[{"embeddable":true,"href":"https:\/\/www.tester-projekt.de\/index.php?rest_route=\/wp\/v2\/users\/1"}],"replies":[{"embeddable":true,"href":"https:\/\/www.tester-projekt.de\/index.php?rest_route=%2Fwp%2Fv2%2Fcomments&post=23"}],"version-history":[{"count":3,"href":"https:\/\/www.tester-projekt.de\/index.php?rest_route=\/wp\/v2\/pages\/23\/revisions"}],"predecessor-version":[{"id":137,"href":"https:\/\/www.tester-projekt.de\/index.php?rest_route=\/wp\/v2\/pages\/23\/revisions\/137"}],"wp:attachment":[{"href":"https:\/\/www.tester-projekt.de\/index.php?rest_route=%2Fwp%2Fv2%2Fmedia&parent=23"}],"curies":[{"name":"wp","href":"https:\/\/api.w.org\/{rel}","templated":true}]}}