{"id":11,"date":"2021-10-11T15:02:49","date_gmt":"2021-10-11T13:02:49","guid":{"rendered":"https:\/\/websites.fraunhofer.de\/tester\/?page_id=11"},"modified":"2023-04-24T09:56:50","modified_gmt":"2023-04-24T07:56:50","slug":"home","status":"publish","type":"page","link":"https:\/\/www.tester-projekt.de\/","title":{"rendered":"Home"},"content":{"rendered":"\n<p class=\"has-black-color has-text-color\"><strong>Projekt TESTER \u2012 Digitale Selbstvermessung selbstbestimmt gestalten<\/strong><\/p>\n\n\n\n<p class=\"has-black-color has-text-color\">Ger\u00e4te zur digitalen Selbstvermessung haben mittlerweile einen hohen Verbreitungsgrad erreicht, sowohl in Consumer-Ger\u00e4ten, z.B. im Fitness- und Freizeitbereich, als auch zunehmend in medizinischen Anwendungen, um Patienten einfacher, zielgerichteter und individueller zu behandeln. F\u00fcr Patienten bzw. Anwender wird jedoch auch undurchsichtiger, welche Ger\u00e4te welche Daten zu welchem Zweck erheben und wo und wie diese verarbeitet und weitergegeben werden. Zwar haben die Nutzer hinsichtlich ihrer Selbstvermessungsdaten umfangreiche Rechte, trotzdem ergeben sich in der Praxis noch immer die Probleme fehlender tats\u00e4chlicher Transparenz sowie des Aufwands, Rechte an den eigenen Daten wahrzunehmen.<\/p>\n\n\n\n<p class=\"has-black-color has-text-color\">Im Verbundprojekt TESTER (kurz f\u00fcr &#8220;DigiTalE SelbsTvERmessung selbstbestimmt gestalten&#8221;) widmet sich das Fraunhofer-Institut f\u00fcr Arbeitswirtschaft und Organisation IAO gemeinsam mit dem Institut f\u00fcr Arbeitswissenschaft und Technologiemanagement IAT der Universit\u00e4t Stuttgart sowie dem Fachgebiet \u00d6ffentliches Recht, IT-Recht und Umweltrecht der Universit\u00e4t Kassel und dem Praxispartner Actimi GmbH der Erforschung und Entwicklung eines Privacy-Assistenten. Dieser soll den selbstbestimmten Umgang mit Daten aus der Selbstvermessung unterst\u00fctzen. Ziel ist es, ein bestm\u00f6gliches Ma\u00df an Transparenz und Intervenierbarkeit f\u00fcr die Selbstvermessung zu schaffen, sowie die Bed\u00fcrfnisse der Nutzerinnen und Nutzer zum Schutz ihrer Daten st\u00e4rker in den Vordergrund zu r\u00fccken. Gef\u00f6rdert wird das Forschungsvorhaben vom Bundesministerium f\u00fcr Bildung und Forschung (BMBF).<\/p>\n\n\n\n<p class=\"has-black-color has-text-color\"><strong>Projektziel<\/strong><\/p>\n\n\n\n<p class=\"has-black-color has-text-color\">Das Projekt TESTER zielt darauf ab, Transparenz bzgl. der Daten aus der Selbstvermessung zu schaffen. Dies erfolgt durch eine f\u00fcr den Nutzer geeignete, personalisierte Aufbereitung der Daten \u00fcber die Selbstvermessung in einem interaktiven System, dem Privacy Assistenten. Das Projekt legt Wert darauf, m\u00f6glichst einfache und unkomplizierte Darstellungsformen zu finden, die den unterschiedlichen Anwendern gerecht werden. Zudem soll der Privacy Assistent erlauben, informierte Entscheidungen zu treffen und diese auch durchzusetzen. Dies kann zum einen direkt im Privacy Assistenten erfolgen, der \u00fcber eine Schnittstelle zum Anbieter Interventionen wie die L\u00f6schung, Nichtweitergabe oder Sperrung bestimmter Selbstvermessungsdaten direkt vornimmt. Zum anderen k\u00f6nnen auch Datenschutzanfragen generiert und z.B. per E-Mail zugestellt werden.<\/p>\n\n\n\n<figure class=\"wp-block-image size-full\"><img loading=\"lazy\" decoding=\"async\" width=\"842\" height=\"377\" src=\"https:\/\/www.tester-projekt.de\/wp-content\/uploads\/2021\/10\/TESTER-Projektueberblick.png\" alt=\"\" class=\"wp-image-47\" srcset=\"https:\/\/www.tester-projekt.de\/wp-content\/uploads\/2021\/10\/TESTER-Projektueberblick.png 842w, https:\/\/www.tester-projekt.de\/wp-content\/uploads\/2021\/10\/TESTER-Projektueberblick-300x134.png 300w, https:\/\/www.tester-projekt.de\/wp-content\/uploads\/2021\/10\/TESTER-Projektueberblick-768x344.png 768w\" sizes=\"auto, (max-width: 842px) 100vw, 842px\" \/><\/figure>\n\n\n\n<p class=\"has-black-color has-text-color\"><strong>Vorgehen<\/strong><\/p>\n\n\n\n<p class=\"has-black-color has-text-color\">Das Projekt beginnt mit der Analyse der Motivation hinter der Selbstvermessung sowie der Nutzerpr\u00e4ferenzen. In Experimenten werden dann verschiedenste Interaktionsformen mit dem Privacy Assistenten erprobt und entsprechend der Anforderungen bewertet. Zudem erfolgt eine technische Untersuchung der Selbstvermessungsger\u00e4te hinsichtlich anfallender Daten und deren \u00dcbertragung. Der Privacy Assistent wird dann in ein Produkt des Telemedizin-Anbieters <a rel=\"noreferrer noopener\" href=\"https:\/\/actimi.com\" target=\"_blank\">Actimi<\/a> integriert und erprobt. TESTER erforscht interdisziplin\u00e4r praktikable M\u00f6glichkeiten, selbstbestimmten Umgang mit Selbstvermessungsdaten zu st\u00e4rken und betrachtet auch bislang offene rechtliche Fragen.<\/p>\n\n\n\n<p><\/p>\n\n\n\n<p class=\"has-white-color has-text-color\">.<\/p>\n\n\n\n<figure class=\"wp-block-image size-full is-resized\"><img loading=\"lazy\" decoding=\"async\" src=\"https:\/\/www.tester-projekt.de\/wp-content\/uploads\/2022\/04\/BMBF_gefoerdert-vom_deutsch.jpg\" alt=\"\" class=\"wp-image-114\" width=\"343\" height=\"243\" srcset=\"https:\/\/www.tester-projekt.de\/wp-content\/uploads\/2022\/04\/BMBF_gefoerdert-vom_deutsch.jpg 881w, https:\/\/www.tester-projekt.de\/wp-content\/uploads\/2022\/04\/BMBF_gefoerdert-vom_deutsch-300x213.jpg 300w, https:\/\/www.tester-projekt.de\/wp-content\/uploads\/2022\/04\/BMBF_gefoerdert-vom_deutsch-768x545.jpg 768w\" sizes=\"auto, (max-width: 343px) 100vw, 343px\" \/><\/figure>\n","protected":false},"excerpt":{"rendered":"<p>Projekt TESTER \u2012 Digitale Selbstvermessung selbstbestimmt gestalten Ger\u00e4te zur digitalen Selbstvermessung haben mittlerweile einen hohen Verbreitungsgrad erreicht, sowohl in Consumer-Ger\u00e4ten, z.B. im Fitness- und Freizeitbereich, als auch zunehmend in medizinischen Anwendungen, um Patienten einfacher, zielgerichteter und individueller zu behandeln. F\u00fcr<\/p>\n","protected":false},"author":1,"featured_media":0,"parent":0,"menu_order":0,"comment_status":"closed","ping_status":"closed","template":"","meta":{"footnotes":""},"class_list":["post-11","page","type-page","status-publish","hentry"],"_links":{"self":[{"href":"https:\/\/www.tester-projekt.de\/index.php?rest_route=\/wp\/v2\/pages\/11","targetHints":{"allow":["GET"]}}],"collection":[{"href":"https:\/\/www.tester-projekt.de\/index.php?rest_route=\/wp\/v2\/pages"}],"about":[{"href":"https:\/\/www.tester-projekt.de\/index.php?rest_route=\/wp\/v2\/types\/page"}],"author":[{"embeddable":true,"href":"https:\/\/www.tester-projekt.de\/index.php?rest_route=\/wp\/v2\/users\/1"}],"replies":[{"embeddable":true,"href":"https:\/\/www.tester-projekt.de\/index.php?rest_route=%2Fwp%2Fv2%2Fcomments&post=11"}],"version-history":[{"count":24,"href":"https:\/\/www.tester-projekt.de\/index.php?rest_route=\/wp\/v2\/pages\/11\/revisions"}],"predecessor-version":[{"id":136,"href":"https:\/\/www.tester-projekt.de\/index.php?rest_route=\/wp\/v2\/pages\/11\/revisions\/136"}],"wp:attachment":[{"href":"https:\/\/www.tester-projekt.de\/index.php?rest_route=%2Fwp%2Fv2%2Fmedia&parent=11"}],"curies":[{"name":"wp","href":"https:\/\/api.w.org\/{rel}","templated":true}]}}